{"id":10,"date":"2017-01-30T03:39:51","date_gmt":"2017-01-30T03:39:51","guid":{"rendered":"https:\/\/demo.themegrill.com\/flash-construction-2\/?page_id=10"},"modified":"2024-07-31T12:57:00","modified_gmt":"2024-07-31T12:57:00","slug":"services","status":"publish","type":"page","link":"https:\/\/www.kairos-electronics.com\/index.php\/services\/","title":{"rendered":"Servizi"},"content":{"rendered":"<div id=\"pl-10\"  class=\"panel-layout\" ><div id=\"pg-10-0\"  class=\"panel-grid panel-has-style\" ><div class=\"siteorigin-panels-stretch panel-row-style panel-row-style-for-10-0\" data-stretch-type=\"full\" ><div id=\"pgc-10-0-0\"  class=\"panel-grid-cell\" ><div id=\"panel-10-0-0-0\" class=\"so-panel widget widget_siteorigin-panels-builder panel-first-child panel-last-child\" data-index=\"0\" ><div id=\"pl-w66aa349ce5e17\"  class=\"panel-layout\" ><div id=\"pg-w66aa349ce5e17-0\"  class=\"panel-grid panel-no-style\" ><div id=\"pgc-w66aa349ce5e17-0-0\"  class=\"panel-grid-cell\" ><div id=\"panel-w66aa349ce5e17-0-0-0\" class=\"so-panel widget widget_themegrill_flash_heading tg-widget section-title-wrapper panel-first-child panel-last-child\" data-index=\"0\" >\t<h3 class=\"section-title\">Servizi offerti da Kairos S.r.l.<\/h3>\n<\/div><\/div><\/div><div id=\"pg-w66aa349ce5e17-1\"  class=\"panel-grid panel-has-style\" ><div class=\"panel-row-style panel-row-style-for-w66aa349ce5e17-1\" ><div id=\"pgc-w66aa349ce5e17-1-0\"  class=\"panel-grid-cell\" ><div id=\"panel-w66aa349ce5e17-1-0-0\" class=\"so-panel widget widget_text panel-first-child panel-last-child\" data-index=\"1\" >\t\t\t<div class=\"textwidget\"><p>Da diversi anni progettiamo per i nostri Clienti sistemi elettronici studiati sulle specifiche esigenze. Fondiamo il vostro know-how di settore alla nostra consolidata esperienza per sviluppare l\u2019elettronica pi\u00f9 adeguata alle vostre necessit\u00e0 e dare al vostro progetto prestazioni ottimali.\nDisegnazione e progettazione dell Hardware, firmware e software sono tutti elementi del sistema sviluppati al nostro interno.<\/div>\n\t\t<\/div><\/div><div id=\"pgc-w66aa349ce5e17-1-1\"  class=\"panel-grid-cell\" ><div id=\"panel-w66aa349ce5e17-1-1-0\" class=\"so-panel widget widget_text panel-first-child panel-last-child\" data-index=\"2\" >\t\t\t<div class=\"textwidget\"><p>Assembliamo internamente le vostre schede elettroniche affidandoci ai migliori fornitori di componenti elettronici qualificati presenti sul mercato : profili di saldatura controllati, ispezione ottica automatica di ultima generazione e tecnici qualificati sono i punti chiave. Collaudo completo interno finale sul 100% della produzione su specifica cliente<\/div>\n\t\t<\/div><\/div><\/div><\/div><div id=\"pg-w66aa349ce5e17-2\"  class=\"panel-grid panel-has-style\" ><div class=\"panel-row-style panel-row-style-for-w66aa349ce5e17-2\" ><div id=\"pgc-w66aa349ce5e17-2-0\"  class=\"panel-grid-cell\" ><div id=\"panel-w66aa349ce5e17-2-0-0\" class=\"so-panel widget widget_themegrill_flash_service tg-widget tg-single-service panel-first-child panel-last-child\" data-index=\"3\" ><div class=\"flash_inherit_color panel-widget-style panel-widget-style-for-w66aa349ce5e17-2-0-0\" >\n<div class=\"tg-service-widget tg-service-layout-1\">\n\t<div class=\"service-wrapper\">\n\t\t<div class=\"service-icon-title-wrapper clearfix\">\n\t\t\t\t\t\t\t\t\t<figure class=\"service-image-wrap\"><img decoding=\"async\" src=\"https:\/\/kairos-electronics.com\/wp-content\/uploads\/2023\/09\/Progettazione-elettronica-1.jpg\" \/><\/figure>\n\t\t\t\t\t\t\t\t\t<h3 class=\"service-title-wrap\">\n\t\t\t\t\t\t\t\t<a href=\"#\">\n\t\t\t\tProgettazione elettronica\t\t\t\t\t\t\t\t<\/a>\n\t\t\t\t\t\t\t<\/h3>\n\t\t\t\t\t<\/div>\n\t\t\t\t<div class=\"service-content-wrap\">Servizi di ingegneria per la progettazione e la realizzazione di sistemi elettronici. Con oltre 10 anni di esperienza nei servizi di ingegneria elettronica ed informatica, siamo un gruppo di lavoro giovane con un solido background. Il nostro punto di forza? Abbiamo in comune la passione e l'ambizione di affrontare nuove sfide e nuovi progetti.<\/div>\n\t\t\t\t\t\t<a class=\"service-more\" href=\"#\">Read More<\/a>\n\t\t\t<\/div>\n<\/div>\n<\/div><\/div><\/div><div id=\"pgc-w66aa349ce5e17-2-1\"  class=\"panel-grid-cell\" ><div id=\"panel-w66aa349ce5e17-2-1-0\" class=\"so-panel widget widget_themegrill_flash_service tg-widget tg-single-service panel-first-child panel-last-child\" data-index=\"4\" ><div class=\"flash_inherit_color panel-widget-style panel-widget-style-for-w66aa349ce5e17-2-1-0\" >\n<div class=\"tg-service-widget tg-service-layout-1\">\n\t<div class=\"service-wrapper\">\n\t\t<div class=\"service-icon-title-wrapper clearfix\">\n\t\t\t\t\t\t\t\t\t<figure class=\"service-image-wrap\"><img decoding=\"async\" src=\"https:\/\/kairos-electronics.com\/wp-content\/uploads\/2023\/11\/Disegnazione-elettronica.png\" \/><\/figure>\n\t\t\t\t\t\t\t\t\t<h3 class=\"service-title-wrap\">\n\t\t\t\t\t\t\t\t<a href=\"https:\/\/www.kairos-electronics.com\/index.php\/disegnazione-elettronica\/\">\n\t\t\t\tDisegnazione elettronica\t\t\t\t\t\t\t\t<\/a>\n\t\t\t\t\t\t\t<\/h3>\n\t\t\t\t\t<\/div>\n\t\t\t\t<div class=\"service-content-wrap\">Kairos Electronics \u00e8 attrezzata ed utilizza i pi\u00f9 evoluti Cad per la disegnazione elettronica. La stesura degli schemi elettrici necessari al cliente avviene nella pi\u00f9 stretta collaborazione con il cliente finale.  <\/div>\n\t\t\t\t\t\t<a class=\"service-more\" href=\"https:\/\/www.kairos-electronics.com\/index.php\/disegnazione-elettronica\/\">Read More<\/a>\n\t\t\t<\/div>\n<\/div>\n<\/div><\/div><\/div><div id=\"pgc-w66aa349ce5e17-2-2\"  class=\"panel-grid-cell\" ><div id=\"panel-w66aa349ce5e17-2-2-0\" class=\"so-panel widget widget_themegrill_flash_service tg-widget tg-single-service panel-first-child panel-last-child\" data-index=\"5\" ><div class=\"flash_inherit_color panel-widget-style panel-widget-style-for-w66aa349ce5e17-2-2-0\" >\n<div class=\"tg-service-widget tg-service-layout-1\">\n\t<div class=\"service-wrapper\">\n\t\t<div class=\"service-icon-title-wrapper clearfix\">\n\t\t\t\t\t\t\t\t\t<figure class=\"service-image-wrap\"><img decoding=\"async\" src=\"https:\/\/kairos-electronics.com\/wp-content\/uploads\/2024\/01\/GAS_Detector_2024-Jan-06_01-58-37PM-000_CustomizedView10956748706_png_alpha-e1704549966274.png\" \/><\/figure>\n\t\t\t\t\t\t\t\t\t<h3 class=\"service-title-wrap\">\n\t\t\t\t\t\t\t\t<a href=\"#\">\n\t\t\t\tDisegnazione meccanica\t\t\t\t\t\t\t\t<\/a>\n\t\t\t\t\t\t\t<\/h3>\n\t\t\t\t\t<\/div>\n\t\t\t\t<div class=\"service-content-wrap\">Kairos S.r.l. svolge anche attivit\u00e0 di progettazione meccanica, disegno 3D e 2D e messe in tavola, impiegando software di modellazione e gestione dei progetti. Fornitura di prototipi in 3D con disegni forniti dal cliente. Seguiamo da vicino le esigenze del cliente e siamo in grado di offrire un supporto tecnico specializzato nella progettazione di prodotto. Il tutto adeguandoci alle indicazioni del cliente o alle procedure in vigore all\u2019interno della sua azienda.<\/div>\n\t\t\t\t\t\t<a class=\"service-more\" href=\"#\">Read More<\/a>\n\t\t\t<\/div>\n<\/div>\n<\/div><\/div><\/div><\/div><\/div><div id=\"pg-w66aa349ce5e17-3\"  class=\"panel-grid panel-has-style\" ><div class=\"panel-row-style panel-row-style-for-w66aa349ce5e17-3\" ><div id=\"pgc-w66aa349ce5e17-3-0\"  class=\"panel-grid-cell\" ><div id=\"panel-w66aa349ce5e17-3-0-0\" class=\"so-panel widget widget_themegrill_flash_service tg-widget tg-single-service panel-first-child panel-last-child\" data-index=\"6\" ><div class=\"flash_inherit_color panel-widget-style panel-widget-style-for-w66aa349ce5e17-3-0-0\" >\n<div class=\"tg-service-widget tg-service-layout-1\">\n\t<div class=\"service-wrapper\">\n\t\t<div class=\"service-icon-title-wrapper clearfix\">\n\t\t\t\t\t\t\t\t\t<figure class=\"service-image-wrap\"><img decoding=\"async\" src=\"https:\/\/kairos-electronics.com\/wp-content\/uploads\/2023\/09\/DSCN6700-scaled.jpg\" \/><\/figure>\n\t\t\t\t\t\t\t\t\t<h3 class=\"service-title-wrap\">\n\t\t\t\t\t\t\t\t<a href=\"#\">\n\t\t\t\tAssemblaggio schede elettroniche\t\t\t\t\t\t\t\t<\/a>\n\t\t\t\t\t\t\t<\/h3>\n\t\t\t\t\t<\/div>\n\t\t\t\t<div class=\"service-content-wrap\">Non solo progettazione: per offrirvi un servizio davvero completo e permettervi di ridurre sensibilmente tempi e costi di produzione, Kairos si propone anche come laboratorio di montaggio SMD, affidato a tecnici qualificati e dotati delle migliori strumentazioni di lavoro. Un\u2019altra eccellenza Kairos, garantita dalla qualit\u00e0 e l\u2019affidabilit\u00e0 che da sempre contraddistingue i suoi prodotti<\/div>\n\t\t\t\t\t\t<a class=\"service-more\" href=\"#\">Read More<\/a>\n\t\t\t<\/div>\n<\/div>\n<\/div><\/div><\/div><div id=\"pgc-w66aa349ce5e17-3-1\"  class=\"panel-grid-cell\" ><div id=\"panel-w66aa349ce5e17-3-1-0\" class=\"so-panel widget widget_themegrill_flash_service tg-widget tg-single-service panel-first-child panel-last-child\" data-index=\"7\" ><div class=\"flash_inherit_color panel-widget-style panel-widget-style-for-w66aa349ce5e17-3-1-0\" >\n<div class=\"tg-service-widget tg-service-layout-1\">\n\t<div class=\"service-wrapper\">\n\t\t<div class=\"service-icon-title-wrapper clearfix\">\n\t\t\t\t\t\t\t\t\t<figure class=\"service-image-wrap\"><img decoding=\"async\" src=\"https:\/\/kairos-electronics.com\/wp-content\/uploads\/2017\/02\/20231023_173106-scaled.jpg\" \/><\/figure>\n\t\t\t\t\t\t\t\t\t<h3 class=\"service-title-wrap\">\n\t\t\t\t\t\t\t\t<a href=\"https:\/\/www.kairos-electronics.com\/index.php\/apparati-updm\/\">\n\t\t\t\tInstallazione apparati UPDM\t\t\t\t\t\t\t\t<\/a>\n\t\t\t\t\t\t\t<\/h3>\n\t\t\t\t\t<\/div>\n\t\t\t\t<div class=\"service-content-wrap\">Kairos si occupa, per un proprio cliente, di installazioni di apparati UPDM. Kairos predispone un apparato periferico di difesa e monitoraggio avente la funzione di acquisire misure ed altre informazioni ausiliarie e di attuare comandi di distacco o di modulazione della produzione, a seguito della ricezione di un messaggio proveniente da altri apparati periferici di tele-scatto o dal sistema centrale di difesa di Terna.<\/div>\n\t\t\t\t\t\t<a class=\"service-more\" href=\"https:\/\/www.kairos-electronics.com\/index.php\/apparati-updm\/\">Read More<\/a>\n\t\t\t<\/div>\n<\/div>\n<\/div><\/div><\/div><div id=\"pgc-w66aa349ce5e17-3-2\"  class=\"panel-grid-cell\" ><div id=\"panel-w66aa349ce5e17-3-2-0\" class=\"so-panel widget widget_themegrill_flash_service tg-widget tg-single-service panel-first-child panel-last-child\" data-index=\"8\" ><div class=\"flash_inherit_color panel-widget-style panel-widget-style-for-w66aa349ce5e17-3-2-0\" >\n<div class=\"tg-service-widget tg-service-layout-1\">\n\t<div class=\"service-wrapper\">\n\t\t<div class=\"service-icon-title-wrapper clearfix\">\n\t\t\t\t\t\t\t\t\t<figure class=\"service-image-wrap\"><img decoding=\"async\" src=\"https:\/\/kairos-electronics.com\/wp-content\/uploads\/2023\/11\/Sviluppo-Firmware.jpg\" \/><\/figure>\n\t\t\t\t\t\t\t\t\t<h3 class=\"service-title-wrap\">\n\t\t\t\t\t\t\t\t<a href=\"https:\/\/www.kairos-electronics.com\/wp-admin\/post.php?post=807&#038;action=edit\">\n\t\t\t\tSviluppo Firmware e Software per sistemi embeeded\t\t\t\t\t\t\t\t<\/a>\n\t\t\t\t\t\t\t<\/h3>\n\t\t\t\t\t<\/div>\n\t\t\t\t<div class=\"service-content-wrap\">Servizi di ingegneria per la progettazione e la realizzazione di sistemi elettronici. Con oltre 10 anni di esperienza nei servizi di ingegneria elettronica ed informatica, siamo un gruppo di lavoro giovane con un solido background.<\/div>\n\t\t\t\t\t\t<a class=\"service-more\" href=\"https:\/\/www.kairos-electronics.com\/wp-admin\/post.php?post=807&#038;action=edit\">Read More<\/a>\n\t\t\t<\/div>\n<\/div>\n<\/div><\/div><\/div><\/div><\/div><\/div><\/div><\/div><\/div><\/div><div id=\"pg-10-1\"  class=\"panel-grid panel-has-style\" ><div class=\"siteorigin-panels-stretch panel-row-style panel-row-style-for-10-1\" data-stretch-type=\"full\" ><div id=\"pgc-10-1-0\"  class=\"panel-grid-cell\" ><div id=\"panel-10-1-0-0\" class=\"so-panel widget widget_text panel-first-child panel-last-child\" data-index=\"1\" ><div class=\"flash_inherit_color panel-widget-style panel-widget-style-for-10-1-0-0\" ><h3 class=\"widget-title\">Why Choose Us<\/h3>\t\t\t<div class=\"textwidget\">Lorem ipsum dolor sit amet, consectetuer adipiscing elit, sed diam nonummy nibh euismod tincidunt ut laoreet dolore magna aliquam erat volutpat.<\/div>\n\t\t<\/div><\/div><\/div><div id=\"pgc-10-1-1\"  class=\"panel-grid-cell\" ><div id=\"panel-10-1-1-0\" class=\"so-panel widget widget_themegrill_flash_counter tg-widget tg-single-counter panel-first-child panel-last-child\" data-index=\"2\" ><div class=\"flash_inherit_color panel-widget-style panel-widget-style-for-10-1-1-0\" ><div class=\"fun-facts-section\">\n\t<div class=\"tg-fun-facts-widget tg-fun-facts-layout-2\">\n\t\t<div class=\"fun-facts-wrapper\">\n\t\t\t\t\t\t\t\t\t<span class=\"counter-wrapper\"><span class=\"counter\">468<\/span><i class=\"fa fa-plus\"><\/i><\/span>\n\t\t\t\t\t\t\t\t\t<h3 class=\"fun-facts-title-wrap\">Project Completed<\/h3>\n\t\t\t\t\t<\/div>\n\t<\/div>\n<\/div>\n<\/div><\/div><\/div><div id=\"pgc-10-1-2\"  class=\"panel-grid-cell\" ><div id=\"panel-10-1-2-0\" class=\"so-panel widget widget_themegrill_flash_counter tg-widget tg-single-counter panel-first-child panel-last-child\" data-index=\"3\" ><div class=\"flash_inherit_color panel-widget-style panel-widget-style-for-10-1-2-0\" ><div class=\"fun-facts-section\">\n\t<div class=\"tg-fun-facts-widget tg-fun-facts-layout-2\">\n\t\t<div class=\"fun-facts-wrapper\">\n\t\t\t\t\t\t\t\t\t<span class=\"counter-wrapper\"><span class=\"counter\">468<\/span><i class=\"fa fa-plus\"><\/i><\/span>\n\t\t\t\t\t\t\t\t\t<h3 class=\"fun-facts-title-wrap\">Project Completed<\/h3>\n\t\t\t\t\t<\/div>\n\t<\/div>\n<\/div>\n<\/div><\/div><\/div><div id=\"pgc-10-1-3\"  class=\"panel-grid-cell\" ><div id=\"panel-10-1-3-0\" class=\"so-panel widget widget_themegrill_flash_counter tg-widget tg-single-counter panel-first-child panel-last-child\" data-index=\"4\" ><div class=\"flash_inherit_color panel-widget-style panel-widget-style-for-10-1-3-0\" ><div class=\"fun-facts-section\">\n\t<div class=\"tg-fun-facts-widget tg-fun-facts-layout-2\">\n\t\t<div class=\"fun-facts-wrapper\">\n\t\t\t\t\t\t\t\t\t<span class=\"counter-wrapper\"><span class=\"counter\">7809<\/span><i class=\"fa fa-plus\"><\/i><\/span>\n\t\t\t\t\t\t\t\t\t<h3 class=\"fun-facts-title-wrap\">Hours Of Work<\/h3>\n\t\t\t\t\t<\/div>\n\t<\/div>\n<\/div>\n<\/div><\/div><\/div><\/div><\/div><\/div>","protected":false},"excerpt":{"rendered":"<p>Lorem ipsum dolor sit amet, consectetuer adipiscing elit, sed diam nonummy nibh euismod tincidunt ut laoreet dolore magna aliquam erat [&hellip;]<\/p>\n","protected":false},"author":1,"featured_media":174,"parent":0,"menu_order":0,"comment_status":"closed","ping_status":"closed","template":"page-templates\/pagebuilder.php","meta":{"dwc-title":[""],"dwc-content":[""],"dwc-title-2":[""],"dwc-content-2":[""],"dwc-title-3":[""],"dwc-content-3":[""],"footnotes":""},"class_list":["post-10","page","type-page","status-publish","has-post-thumbnail","hentry"],"yoast_head":"<!-- This site is optimized with the Yoast SEO plugin v21.7 - https:\/\/yoast.com\/wordpress\/plugins\/seo\/ -->\n<title>Servizi - Kairos Electronics<\/title>\n<meta name=\"robots\" content=\"index, follow, max-snippet:-1, max-image-preview:large, max-video-preview:-1\" \/>\n<link rel=\"canonical\" href=\"https:\/\/www.kairos-electronics.com\/index.php\/services\/\" \/>\n<meta property=\"og:locale\" content=\"it_IT\" \/>\n<meta property=\"og:type\" content=\"article\" \/>\n<meta property=\"og:title\" content=\"Servizi - Kairos Electronics\" \/>\n<meta property=\"og:description\" content=\"Lorem ipsum dolor sit amet, consectetuer adipiscing elit, sed diam nonummy nibh euismod tincidunt ut laoreet dolore magna aliquam erat [&hellip;]\" \/>\n<meta property=\"og:url\" content=\"https:\/\/www.kairos-electronics.com\/index.php\/services\/\" \/>\n<meta property=\"og:site_name\" content=\"Kairos Electronics\" \/>\n<meta property=\"article:modified_time\" content=\"2024-07-31T12:57:00+00:00\" \/>\n<meta property=\"og:image\" content=\"https:\/\/www.kairos-electronics.com\/wp-content\/uploads\/2023\/09\/imagesQK9L7I3K.jpg\" \/>\n\t<meta property=\"og:image:width\" content=\"315\" \/>\n\t<meta property=\"og:image:height\" content=\"160\" \/>\n\t<meta property=\"og:image:type\" content=\"image\/jpeg\" \/>\n<meta name=\"twitter:card\" content=\"summary_large_image\" \/>\n<meta name=\"twitter:label1\" content=\"Tempo di lettura stimato\" \/>\n\t<meta name=\"twitter:data1\" content=\"4 minuti\" \/>\n<script type=\"application\/ld+json\" class=\"yoast-schema-graph\">{\"@context\":\"https:\/\/schema.org\",\"@graph\":[{\"@type\":\"WebPage\",\"@id\":\"https:\/\/www.kairos-electronics.com\/index.php\/services\/\",\"url\":\"https:\/\/www.kairos-electronics.com\/index.php\/services\/\",\"name\":\"Servizi - Kairos Electronics\",\"isPartOf\":{\"@id\":\"https:\/\/www.kairos-electronics.com\/#website\"},\"datePublished\":\"2017-01-30T03:39:51+00:00\",\"dateModified\":\"2024-07-31T12:57:00+00:00\",\"breadcrumb\":{\"@id\":\"https:\/\/www.kairos-electronics.com\/index.php\/services\/#breadcrumb\"},\"inLanguage\":\"it-IT\",\"potentialAction\":[{\"@type\":\"ReadAction\",\"target\":[\"https:\/\/www.kairos-electronics.com\/index.php\/services\/\"]}]},{\"@type\":\"BreadcrumbList\",\"@id\":\"https:\/\/www.kairos-electronics.com\/index.php\/services\/#breadcrumb\",\"itemListElement\":[{\"@type\":\"ListItem\",\"position\":1,\"name\":\"Home\",\"item\":\"https:\/\/www.kairos-electronics.com\/\"},{\"@type\":\"ListItem\",\"position\":2,\"name\":\"Servizi\"}]},{\"@type\":\"WebSite\",\"@id\":\"https:\/\/www.kairos-electronics.com\/#website\",\"url\":\"https:\/\/www.kairos-electronics.com\/\",\"name\":\"Kairos Electronics\",\"description\":\"Progettazione e produzione di dispositivi elettronici\",\"publisher\":{\"@id\":\"https:\/\/www.kairos-electronics.com\/#organization\"},\"potentialAction\":[{\"@type\":\"SearchAction\",\"target\":{\"@type\":\"EntryPoint\",\"urlTemplate\":\"https:\/\/www.kairos-electronics.com\/?s={search_term_string}\"},\"query-input\":\"required name=search_term_string\"}],\"inLanguage\":\"it-IT\"},{\"@type\":\"Organization\",\"@id\":\"https:\/\/www.kairos-electronics.com\/#organization\",\"name\":\"Kairos Electronics\",\"url\":\"https:\/\/www.kairos-electronics.com\/\",\"logo\":{\"@type\":\"ImageObject\",\"inLanguage\":\"it-IT\",\"@id\":\"https:\/\/www.kairos-electronics.com\/#\/schema\/logo\/image\/\",\"url\":\"https:\/\/www.kairos-electronics.com\/wp-content\/uploads\/2023\/09\/Logo_Kairos_piccolo.png\",\"contentUrl\":\"https:\/\/www.kairos-electronics.com\/wp-content\/uploads\/2023\/09\/Logo_Kairos_piccolo.png\",\"width\":127,\"height\":52,\"caption\":\"Kairos Electronics\"},\"image\":{\"@id\":\"https:\/\/www.kairos-electronics.com\/#\/schema\/logo\/image\/\"}}]}<\/script>\n<!-- \/ Yoast SEO plugin. -->","yoast_head_json":{"title":"Servizi - Kairos Electronics","robots":{"index":"index","follow":"follow","max-snippet":"max-snippet:-1","max-image-preview":"max-image-preview:large","max-video-preview":"max-video-preview:-1"},"canonical":"https:\/\/www.kairos-electronics.com\/index.php\/services\/","og_locale":"it_IT","og_type":"article","og_title":"Servizi - Kairos Electronics","og_description":"Lorem ipsum dolor sit amet, consectetuer adipiscing elit, sed diam nonummy nibh euismod tincidunt ut laoreet dolore magna aliquam erat [&hellip;]","og_url":"https:\/\/www.kairos-electronics.com\/index.php\/services\/","og_site_name":"Kairos Electronics","article_modified_time":"2024-07-31T12:57:00+00:00","og_image":[{"width":315,"height":160,"url":"https:\/\/www.kairos-electronics.com\/wp-content\/uploads\/2023\/09\/imagesQK9L7I3K.jpg","type":"image\/jpeg"}],"twitter_card":"summary_large_image","twitter_misc":{"Tempo di lettura stimato":"4 minuti"},"schema":{"@context":"https:\/\/schema.org","@graph":[{"@type":"WebPage","@id":"https:\/\/www.kairos-electronics.com\/index.php\/services\/","url":"https:\/\/www.kairos-electronics.com\/index.php\/services\/","name":"Servizi - Kairos Electronics","isPartOf":{"@id":"https:\/\/www.kairos-electronics.com\/#website"},"datePublished":"2017-01-30T03:39:51+00:00","dateModified":"2024-07-31T12:57:00+00:00","breadcrumb":{"@id":"https:\/\/www.kairos-electronics.com\/index.php\/services\/#breadcrumb"},"inLanguage":"it-IT","potentialAction":[{"@type":"ReadAction","target":["https:\/\/www.kairos-electronics.com\/index.php\/services\/"]}]},{"@type":"BreadcrumbList","@id":"https:\/\/www.kairos-electronics.com\/index.php\/services\/#breadcrumb","itemListElement":[{"@type":"ListItem","position":1,"name":"Home","item":"https:\/\/www.kairos-electronics.com\/"},{"@type":"ListItem","position":2,"name":"Servizi"}]},{"@type":"WebSite","@id":"https:\/\/www.kairos-electronics.com\/#website","url":"https:\/\/www.kairos-electronics.com\/","name":"Kairos Electronics","description":"Progettazione e produzione di dispositivi elettronici","publisher":{"@id":"https:\/\/www.kairos-electronics.com\/#organization"},"potentialAction":[{"@type":"SearchAction","target":{"@type":"EntryPoint","urlTemplate":"https:\/\/www.kairos-electronics.com\/?s={search_term_string}"},"query-input":"required name=search_term_string"}],"inLanguage":"it-IT"},{"@type":"Organization","@id":"https:\/\/www.kairos-electronics.com\/#organization","name":"Kairos Electronics","url":"https:\/\/www.kairos-electronics.com\/","logo":{"@type":"ImageObject","inLanguage":"it-IT","@id":"https:\/\/www.kairos-electronics.com\/#\/schema\/logo\/image\/","url":"https:\/\/www.kairos-electronics.com\/wp-content\/uploads\/2023\/09\/Logo_Kairos_piccolo.png","contentUrl":"https:\/\/www.kairos-electronics.com\/wp-content\/uploads\/2023\/09\/Logo_Kairos_piccolo.png","width":127,"height":52,"caption":"Kairos Electronics"},"image":{"@id":"https:\/\/www.kairos-electronics.com\/#\/schema\/logo\/image\/"}}]}},"jetpack_sharing_enabled":true,"_links":{"self":[{"href":"https:\/\/www.kairos-electronics.com\/index.php\/wp-json\/wp\/v2\/pages\/10","targetHints":{"allow":["GET"]}}],"collection":[{"href":"https:\/\/www.kairos-electronics.com\/index.php\/wp-json\/wp\/v2\/pages"}],"about":[{"href":"https:\/\/www.kairos-electronics.com\/index.php\/wp-json\/wp\/v2\/types\/page"}],"author":[{"embeddable":true,"href":"https:\/\/www.kairos-electronics.com\/index.php\/wp-json\/wp\/v2\/users\/1"}],"replies":[{"embeddable":true,"href":"https:\/\/www.kairos-electronics.com\/index.php\/wp-json\/wp\/v2\/comments?post=10"}],"version-history":[{"count":43,"href":"https:\/\/www.kairos-electronics.com\/index.php\/wp-json\/wp\/v2\/pages\/10\/revisions"}],"predecessor-version":[{"id":1120,"href":"https:\/\/www.kairos-electronics.com\/index.php\/wp-json\/wp\/v2\/pages\/10\/revisions\/1120"}],"wp:featuredmedia":[{"embeddable":true,"href":"https:\/\/www.kairos-electronics.com\/index.php\/wp-json\/wp\/v2\/media\/174"}],"wp:attachment":[{"href":"https:\/\/www.kairos-electronics.com\/index.php\/wp-json\/wp\/v2\/media?parent=10"}],"curies":[{"name":"wp","href":"https:\/\/api.w.org\/{rel}","templated":true}]}}